{"id":70,"date":"2020-03-04T23:15:22","date_gmt":"2020-03-04T23:15:22","guid":{"rendered":"http:\/\/new.zahnaerztinnenbern.ch\/?page_id=70"},"modified":"2024-02-19T23:19:12","modified_gmt":"2024-02-19T21:19:12","slug":"kontakt-und-lageplan","status":"publish","type":"page","link":"https:\/\/www.zahnaerztinnenbern.ch\/index.php\/kontakt-und-lageplan\/","title":{"rendered":"Kontakt und Lageplan"},"content":{"rendered":"<div data-colibri-id=\"70-c1\" class=\"style-358 style-local-70-c1 position-relative\">\n  <!---->\n  <div data-colibri-component=\"section\" data-colibri-id=\"70-c2\" id=\"features-2\" class=\"h-section h-section-global-spacing d-flex align-items-lg-center align-items-md-center align-items-center style-583 style-local-70-c2 position-relative\">\n    <!---->\n    <!---->\n    <div class=\"h-section-grid-container h-section-boxed-container\">\n      <div data-colibri-id=\"70-c32\" class=\"h-row-container gutters-row-lg-2 gutters-row-md-2 gutters-row-0 gutters-row-v-lg-2 gutters-row-v-md-2 gutters-row-v-2 style-592 style-local-70-c32 position-relative\">\n        <!---->\n        <div class=\"h-row justify-content-lg-center justify-content-md-center justify-content-center align-items-lg-stretch align-items-md-stretch align-items-stretch gutters-col-lg-2 gutters-col-md-2 gutters-col-0 gutters-col-v-lg-2 gutters-col-v-md-2 gutters-col-v-2\">\n          <!---->\n          <div class=\"h-column h-column-container d-flex h-col-lg-auto h-col-md-auto h-col-auto style-593-outer style-local-70-c33-outer\">\n            <div data-colibri-id=\"70-c33\" class=\"d-flex h-flex-basis h-column__inner h-px-lg-2 h-px-md-2 h-px-2 v-inner-lg-2 v-inner-md-2 v-inner-2 style-593 style-local-70-c33 position-relative\">\n              <!---->\n              <!---->\n              <div class=\"w-100 h-y-container h-column__content h-column__v-align flex-basis-100 align-self-lg-start align-self-md-start align-self-start\">\n                <!---->\n                <div data-colibri-id=\"70-c34\" class=\"h-global-transition-all h-heading style-594 style-local-70-c34 position-relative h-element\">\n                  <!---->\n                  <div class=\"h-heading__outer style-594 style-local-70-c34\">\n                    <!---->\n                    <!---->\n                    <h2 class=\"\">So finden Sie uns<\/h2>\n                  <\/div>\n                <\/div>\n                <div data-colibri-id=\"70-c35\" class=\"h-lead h-text h-text-component style-595 style-local-70-c35 position-relative h-element\">\n                  <!---->\n                  <!---->\n                  <div class=\"\">\n                    <p><span style=\"font-weight: 300; font-size: 20px; font-family: &quot;Open Sans&quot;; color: rgb(37, 41, 42);\">direkt hinter der Uni Bern<\/span><\/p>\n                  <\/div>\n                <\/div>\n              <\/div>\n            <\/div>\n          <\/div>\n        <\/div>\n      <\/div>\n      <div data-colibri-id=\"70-c3\" class=\"h-row-container gutters-row-lg-2 gutters-row-md-2 gutters-row-2 gutters-row-v-lg-2 gutters-row-v-md-2 gutters-row-v-2 style-584 style-local-70-c3 position-relative\">\n        <!---->\n        <div class=\"h-row justify-content-lg-center justify-content-md-center justify-content-center align-items-lg-stretch align-items-md-stretch align-items-stretch gutters-col-lg-2 gutters-col-md-2 gutters-col-2 gutters-col-v-lg-2 gutters-col-v-md-2 gutters-col-v-2\">\n          <!---->\n          <div class=\"h-column h-column-container d-flex h-col-lg-6 h-col-md-6 h-col-12 style-585-outer style-local-70-c4-outer\">\n            <div data-colibri-id=\"70-c4\" class=\"d-flex h-flex-basis h-column__inner h-px-lg-0 h-px-md-0 h-px-2 v-inner-lg-0 v-inner-md-0 v-inner-2 style-585 style-local-70-c4 position-relative\">\n              <!---->\n              <!---->\n              <div class=\"w-100 h-y-container h-column__content h-column__v-align flex-basis-100 align-self-lg-start align-self-md-start align-self-start\">\n                <!---->\n                <div data-colibri-id=\"70-c5\" class=\"h-row-container gutters-row-lg-1 gutters-row-md-1 gutters-row-0 gutters-row-v-lg-1 gutters-row-v-md-1 gutters-row-v-2 style-586 style-local-70-c5 position-relative\">\n                  <!---->\n                  <div class=\"h-row justify-content-lg-center justify-content-md-center justify-content-center align-items-lg-stretch align-items-md-stretch align-items-stretch gutters-col-lg-1 gutters-col-md-1 gutters-col-0 gutters-col-v-lg-1 gutters-col-v-md-1 gutters-col-v-2\">\n                    <!---->\n                    <div class=\"h-column h-column-container d-flex h-col-lg-auto h-col-md-auto h-col-auto style-587-outer style-local-70-c6-outer\">\n                      <div data-colibri-id=\"70-c6\" class=\"d-flex h-flex-basis h-column__inner h-px-lg-1 h-px-md-1 h-px-1 v-inner-lg-1 v-inner-md-1 v-inner-1 style-587 style-local-70-c6 position-relative\">\n                        <!---->\n                        <!---->\n                        <div class=\"w-100 h-y-container h-column__content h-column__v-align flex-basis-auto align-self-lg-start align-self-md-start align-self-start\">\n                          <!---->\n                          <div data-colibri-id=\"70-c7\" class=\"h-icon style-588 style-local-70-c7 position-relative h-element\">\n                            <!----><span class=\"h-svg-icon h-icon__icon style-588-icon style-local-70-c7-icon\"><!--Icon by Font Awesome (https:\/\/fontawesome.com)-->\n    <svg version=\"1.1\" xmlns=\"http:\/\/www.w3.org\/2000\/svg\" xmlns:xlink=\"http:\/\/www.w3.org\/1999\/xlink\" id=\"street-view\" viewBox=\"0 0 1536 1896.0833\">\n      <path d=\"M1408 1536q0 63-61.5 113.5t-164 81-225 46T704 1792t-253.5-15.5-225-46-164-81T0 1536q0-49 33-88.5t91-66.5 118-44.5 131-29.5q26-5 48 10.5t26 41.5q5 26-10.5 48t-41.5 26q-58 10-106 23.5t-76.5 25.5-48.5 23.5-27.5 19.5-8.5 12q3 11 27 26.5t73 33 114 32.5 160.5 25 201.5 10 201.5-10 160.5-25 114-33 73-33.5 27-27.5q-1-4-8.5-11t-27.5-19-48.5-23.5-76.5-25-106-23.5q-26-4-41.5-26t-10.5-48q4-26 26-41.5t48-10.5q71 12 131 29.5t118 44.5 91 66.5 33 88.5zm-384-896v384q0 26-19 45t-45 19h-64v384q0 26-19 45t-45 19H576q-26 0-45-19t-19-45v-384h-64q-26 0-45-19t-19-45V640q0-53 37.5-90.5T512 512h384q53 0 90.5 37.5T1024 640zm-96-384q0 93-65.5 158.5T704 480t-158.5-65.5T480 256t65.5-158.5T704 32t158.5 65.5T928 256z\"><\/path>\n    <\/svg><\/span><\/div>\n                        <\/div>\n                      <\/div>\n                    <\/div>\n                    <div class=\"h-column h-column-container d-flex h-col-lg h-col-md h-col-auto style-589-outer style-local-70-c8-outer\">\n                      <div data-colibri-id=\"70-c8\" class=\"d-flex h-flex-basis h-column__inner h-px-lg-1 h-px-md-1 h-px-1 v-inner-lg-1 v-inner-md-1 v-inner-1 style-589 style-local-70-c8 position-relative\">\n                        <!---->\n                        <!---->\n                        <div class=\"w-100 h-y-container h-column__content h-column__v-align flex-basis-100 align-self-lg-start align-self-md-start align-self-start\">\n                          <!---->\n                          <div data-colibri-id=\"70-c9\" class=\"h-global-transition-all h-heading style-590 style-local-70-c9 position-relative h-element\">\n                            <!---->\n                            <div class=\"h-heading__outer style-590 style-local-70-c9\">\n                              <!---->\n                              <!---->\n                              <h5 class=\"\">VOM BAHNHOF ZU FUSS<\/h5>\n                            <\/div>\n                          <\/div>\n                          <div data-colibri-id=\"70-c10\" class=\"h-text h-text-component style-591 style-local-70-c10 position-relative h-element\">\n                            <!---->\n                            <!---->\n                            <div class=\"\">\n                              <p><span style=\"font-weight: 400; font-size: 16px; font-family: &quot;Open Sans&quot;; color: rgb(70, 112, 127);\">Fahren Sie mit dem Glaslift bei den Perronaufg\u00e4ngen (Untergeschoss Bahnhof ganz hinten) bis auf die grosse Schanze. Gehen Sie in Richtung Universit\u00e4t Hauptgeb\u00e4ude, neben dem Hauptgeb\u00e4ude vorbei. Unsere Praxis befindet sich im ersten Wohnhaus unmittelbar hinter dem Hauptgeb\u00e4ude im ersten Stock links. Die Praxis ist rollstuhlg\u00e4ngig<\/span><\/p>\n                            <\/div>\n                          <\/div>\n                        <\/div>\n                      <\/div>\n                    <\/div>\n                  <\/div>\n                <\/div>\n              <\/div>\n            <\/div>\n          <\/div>\n          <div class=\"h-column h-column-container d-flex h-col-lg-6 h-col-md-6 h-col-12 style-585-outer style-local-70-c11-outer\">\n            <div data-colibri-id=\"70-c11\" class=\"d-flex h-flex-basis h-column__inner h-px-lg-0 h-px-md-0 h-px-2 v-inner-lg-0 v-inner-md-0 v-inner-2 style-585 style-local-70-c11 position-relative\">\n              <!---->\n              <!---->\n              <div class=\"w-100 h-y-container h-column__content h-column__v-align flex-basis-100 align-self-lg-start align-self-md-start align-self-start\">\n                <!---->\n                <div data-colibri-id=\"70-c12\" class=\"h-row-container gutters-row-lg-1 gutters-row-md-1 gutters-row-0 gutters-row-v-lg-1 gutters-row-v-md-1 gutters-row-v-2 style-586 style-local-70-c12 position-relative\">\n                  <!---->\n                  <div class=\"h-row justify-content-lg-center justify-content-md-center justify-content-center align-items-lg-stretch align-items-md-stretch align-items-stretch gutters-col-lg-1 gutters-col-md-1 gutters-col-0 gutters-col-v-lg-1 gutters-col-v-md-1 gutters-col-v-2\">\n                    <!---->\n                    <div class=\"h-column h-column-container d-flex h-col-lg-auto h-col-md-auto h-col-auto style-587-outer style-local-70-c13-outer\">\n                      <div data-colibri-id=\"70-c13\" class=\"d-flex h-flex-basis h-column__inner h-px-lg-1 h-px-md-1 h-px-1 v-inner-lg-1 v-inner-md-1 v-inner-1 style-587 style-local-70-c13 position-relative\">\n                        <!---->\n                        <!---->\n                        <div class=\"w-100 h-y-container h-column__content h-column__v-align flex-basis-auto align-self-lg-start align-self-md-start align-self-start\">\n                          <!---->\n                          <div data-colibri-id=\"70-c14\" class=\"h-icon style-588 style-local-70-c14 position-relative h-element\">\n                            <!----><span class=\"h-svg-icon h-icon__icon style-588-icon style-local-70-c14-icon\"><!--Icon by Font Awesome (https:\/\/fontawesome.com)-->\n    <svg version=\"1.1\" xmlns=\"http:\/\/www.w3.org\/2000\/svg\" xmlns:xlink=\"http:\/\/www.w3.org\/1999\/xlink\" id=\"bus\" viewBox=\"0 0 1536 1896.0833\">\n      <path d=\"M384 1216q0-53-37.5-90.5T256 1088t-90.5 37.5T128 1216t37.5 90.5T256 1344t90.5-37.5T384 1216zm1024 0q0-53-37.5-90.5T1280 1088t-90.5 37.5-37.5 90.5 37.5 90.5 90.5 37.5 90.5-37.5 37.5-90.5zm-46-396l-72-384q-5-23-22.5-37.5T1227 384H309q-23 0-40.5 14.5T246 436l-72 384q-5 30 14 53t49 23h1062q30 0 49-23t14-53zm-226-612q0-20-14-34t-34-14H448q-20 0-34 14t-14 34 14 34 34 14h640q20 0 34-14t14-34zm400 725v603h-128v128q0 53-37.5 90.5T1280 1792t-90.5-37.5-37.5-90.5v-128H384v128q0 53-37.5 90.5T256 1792t-90.5-37.5T128 1664v-128H0V933q0-112 25-223l103-454q9-78 97.5-137t230-89T768 0t312.5 30 230 89 97.5 137l105 454q23 102 23 223z\"><\/path>\n    <\/svg><\/span><\/div>\n                        <\/div>\n                      <\/div>\n                    <\/div>\n                    <div class=\"h-column h-column-container d-flex h-col-lg h-col-md h-col-auto style-589-outer style-local-70-c15-outer\">\n                      <div data-colibri-id=\"70-c15\" class=\"d-flex h-flex-basis h-column__inner h-px-lg-1 h-px-md-1 h-px-1 v-inner-lg-1 v-inner-md-1 v-inner-1 style-589 style-local-70-c15 position-relative\">\n                        <!---->\n                        <!---->\n                        <div class=\"w-100 h-y-container h-column__content h-column__v-align flex-basis-100 align-self-lg-start align-self-md-start align-self-start\">\n                          <!---->\n                          <div data-colibri-id=\"70-c16\" class=\"h-global-transition-all h-heading style-590 style-local-70-c16 position-relative h-element\">\n                            <!---->\n                            <div class=\"h-heading__outer style-590 style-local-70-c16\">\n                              <!---->\n                              <!---->\n                              <h5 class=\"\">MIT DEM \u00d6FFENTLICHEN VERKEHR<\/h5>\n                            <\/div>\n                          <\/div>\n                          <div data-colibri-id=\"70-c17\" class=\"h-text h-text-component style-591 style-local-70-c17 position-relative h-element\">\n                            <!---->\n                            <!---->\n                            <div class=\"\">\n                              <p><span style=\"font-weight: 400; font-size: 16px; font-family: &quot;Open Sans&quot;; color: rgb(70, 112, 127);\">Bus Nr. 12 Richtung L\u00e4nggasse bis Haltestelle Universit\u00e4t, dann Richtigung Universit\u00e4t Hauptgeb\u00e4ude gehen. Unsere Praxis befindet sich im ersten Wohnhaus unmittelbar hinter dem Hauptgeb\u00e4ude (Sidlerstrasse 4), im ersten Stock links.<\/span><\/p>\n                            <\/div>\n                          <\/div>\n                        <\/div>\n                      <\/div>\n                    <\/div>\n                  <\/div>\n                <\/div>\n              <\/div>\n            <\/div>\n          <\/div>\n          <div class=\"h-column h-column-container d-flex h-col-lg-6 h-col-md-6 h-col-12 style-585-outer style-local-70-c18-outer\">\n            <div data-colibri-id=\"70-c18\" class=\"d-flex h-flex-basis h-column__inner h-px-lg-0 h-px-md-0 h-px-2 v-inner-lg-0 v-inner-md-0 v-inner-2 style-585 style-local-70-c18 position-relative\">\n              <!---->\n              <!---->\n              <div class=\"w-100 h-y-container h-column__content h-column__v-align flex-basis-100 align-self-lg-start align-self-md-start align-self-start\">\n                <!---->\n                <div data-colibri-id=\"70-c19\" class=\"h-row-container gutters-row-lg-1 gutters-row-md-1 gutters-row-0 gutters-row-v-lg-1 gutters-row-v-md-1 gutters-row-v-2 style-586 style-local-70-c19 position-relative\">\n                  <!---->\n                  <div class=\"h-row justify-content-lg-center justify-content-md-center justify-content-center align-items-lg-stretch align-items-md-stretch align-items-stretch gutters-col-lg-1 gutters-col-md-1 gutters-col-0 gutters-col-v-lg-1 gutters-col-v-md-1 gutters-col-v-2\">\n                    <!---->\n                    <div class=\"h-column h-column-container d-flex h-col-lg-auto h-col-md-auto h-col-auto style-587-outer style-local-70-c20-outer\">\n                      <div data-colibri-id=\"70-c20\" class=\"d-flex h-flex-basis h-column__inner h-px-lg-1 h-px-md-1 h-px-1 v-inner-lg-1 v-inner-md-1 v-inner-1 style-587 style-local-70-c20 position-relative\">\n                        <!---->\n                        <!---->\n                        <div class=\"w-100 h-y-container h-column__content h-column__v-align flex-basis-auto align-self-lg-start align-self-md-start align-self-start\">\n                          <!---->\n                          <div data-colibri-id=\"70-c21\" class=\"h-icon style-588 style-local-70-c21 position-relative h-element\">\n                            <!----><span class=\"h-svg-icon h-icon__icon style-588-icon style-local-70-c21-icon\"><!--Icon by Font Awesome (https:\/\/fontawesome.com)-->\n    <svg version=\"1.1\" xmlns=\"http:\/\/www.w3.org\/2000\/svg\" xmlns:xlink=\"http:\/\/www.w3.org\/1999\/xlink\" id=\"car\" viewBox=\"0 0 2048 1896.0833\">\n      <path d=\"M480 1088q0-66-47-113t-113-47-113 47-47 113 47 113 113 47 113-47 47-113zm36-320h1016l-89-357q-2-8-14-17.5t-21-9.5H640q-9 0-21 9.5T605 411zm1372 320q0-66-47-113t-113-47-113 47-47 113 47 113 113 47 113-47 47-113zm160-96v384q0 14-9 23t-23 9h-96v128q0 80-56 136t-136 56-136-56-56-136v-128H512v128q0 80-56 136t-136 56-136-56-56-136v-128H32q-14 0-23-9t-9-23V992q0-93 65.5-158.5T224 768h28l105-419q23-94 104-157.5T640 128h768q98 0 179 63.5T1691 349l105 419h28q93 0 158.5 65.5T2048 992z\"><\/path>\n    <\/svg><\/span><\/div>\n                        <\/div>\n                      <\/div>\n                    <\/div>\n                    <div class=\"h-column h-column-container d-flex h-col-lg h-col-md h-col-auto style-589-outer style-local-70-c22-outer\">\n                      <div data-colibri-id=\"70-c22\" class=\"d-flex h-flex-basis h-column__inner h-px-lg-1 h-px-md-1 h-px-1 v-inner-lg-1 v-inner-md-1 v-inner-1 style-589 style-local-70-c22 position-relative\">\n                        <!---->\n                        <!---->\n                        <div class=\"w-100 h-y-container h-column__content h-column__v-align flex-basis-100 align-self-lg-start align-self-md-start align-self-start\">\n                          <!---->\n                          <div data-colibri-id=\"70-c23\" class=\"h-global-transition-all h-heading style-590 style-local-70-c23 position-relative h-element\">\n                            <!---->\n                            <div class=\"h-heading__outer style-590 style-local-70-c23\">\n                              <!---->\n                              <!---->\n                              <h5 class=\"\">MOTORISIERTE PATIENTEN<\/h5>\n                            <\/div>\n                          <\/div>\n                          <div data-colibri-id=\"70-c24\" class=\"h-text h-text-component style-591 style-local-70-c24 position-relative h-element\">\n                            <!---->\n                            <!---->\n                            <div class=\"\">\n                              <p><span style=\"font-weight: 400; font-size: 16px; font-family: &quot;Open Sans&quot;; color: rgb(70, 112, 127);\">Beim Hauptgeb\u00e4ude Universit\u00e4t in die Sidlerstrasse einbiegen. Parkm\u00f6glichkeiten direkt vor der Praxis nach Verf\u00fcgbarkeit. Weitere Parkm\u00f6glichkeiten befinden sich im Bahnhofparking.<\/span><\/p>\n                            <\/div>\n                          <\/div>\n                        <\/div>\n                      <\/div>\n                    <\/div>\n                  <\/div>\n                <\/div>\n              <\/div>\n            <\/div>\n          <\/div>\n          <div class=\"h-column h-column-container d-flex h-col-lg-6 h-col-md-6 h-col-12 style-585-outer style-local-70-c25-outer\">\n            <div data-colibri-id=\"70-c25\" class=\"d-flex h-flex-basis h-column__inner h-px-lg-0 h-px-md-0 h-px-2 v-inner-lg-0 v-inner-md-0 v-inner-2 style-585 style-local-70-c25 position-relative\">\n              <!---->\n              <!---->\n              <div class=\"w-100 h-y-container h-column__content h-column__v-align flex-basis-100 align-self-lg-start align-self-md-start align-self-start\">\n                <!---->\n                <div data-colibri-id=\"70-c26\" class=\"h-row-container gutters-row-lg-1 gutters-row-md-1 gutters-row-0 gutters-row-v-lg-1 gutters-row-v-md-1 gutters-row-v-2 style-586 style-local-70-c26 position-relative\">\n                  <!---->\n                  <div class=\"h-row justify-content-lg-center justify-content-md-center justify-content-center align-items-lg-stretch align-items-md-stretch align-items-stretch gutters-col-lg-1 gutters-col-md-1 gutters-col-0 gutters-col-v-lg-1 gutters-col-v-md-1 gutters-col-v-2\">\n                    <!---->\n                    <div class=\"h-column h-column-container d-flex h-col-lg-auto h-col-md-auto h-col-auto style-587-outer style-local-70-c27-outer\">\n                      <div data-colibri-id=\"70-c27\" class=\"d-flex h-flex-basis h-column__inner h-px-lg-1 h-px-md-1 h-px-1 v-inner-lg-1 v-inner-md-1 v-inner-1 style-587 style-local-70-c27 position-relative\">\n                        <!---->\n                        <!---->\n                        <div class=\"w-100 h-y-container h-column__content h-column__v-align flex-basis-auto align-self-lg-start align-self-md-start align-self-start\">\n                          <!---->\n                          <div data-colibri-id=\"70-c28\" class=\"h-icon style-588 style-local-70-c28 position-relative h-element\">\n                            <!----><span class=\"h-svg-icon h-icon__icon style-588-icon style-local-70-c28-icon\"><!--Icon by Font Awesome (https:\/\/fontawesome.com)-->\n    <svg version=\"1.1\" xmlns=\"http:\/\/www.w3.org\/2000\/svg\" xmlns:xlink=\"http:\/\/www.w3.org\/1999\/xlink\" id=\"envelope-o\" viewBox=\"0 0 1792 1896.0833\">\n      <path d=\"M1664 1504V736q-32 36-69 66-268 206-426 338-51 43-83 67t-86.5 48.5T897 1280h-2q-48 0-102.5-24.5T706 1207t-83-67q-158-132-426-338-37-30-69-66v768q0 13 9.5 22.5t22.5 9.5h1472q13 0 22.5-9.5t9.5-22.5zm0-1051v-24.5l-.5-13-3-12.5-5.5-9-9-7.5-14-2.5H160q-13 0-22.5 9.5T128 416q0 168 147 284 193 152 401 317 6 5 35 29.5t46 37.5 44.5 31.5T852 1143t43 9h2q20 0 43-9t50.5-27.5 44.5-31.5 46-37.5 35-29.5q208-165 401-317 54-43 100.5-115.5T1664 453zm128-37v1088q0 66-47 113t-113 47H160q-66 0-113-47T0 1504V416q0-66 47-113t113-47h1472q66 0 113 47t47 113z\"><\/path>\n    <\/svg><\/span><\/div>\n                        <\/div>\n                      <\/div>\n                    <\/div>\n                    <div class=\"h-column h-column-container d-flex h-col-lg h-col-md h-col-auto style-589-outer style-local-70-c29-outer\">\n                      <div data-colibri-id=\"70-c29\" class=\"d-flex h-flex-basis h-column__inner h-px-lg-1 h-px-md-1 h-px-1 v-inner-lg-1 v-inner-md-1 v-inner-1 style-589 style-local-70-c29 position-relative\">\n                        <!---->\n                        <!---->\n                        <div class=\"w-100 h-y-container h-column__content h-column__v-align flex-basis-100 align-self-lg-start align-self-md-start align-self-start\">\n                          <!---->\n                          <div data-colibri-id=\"70-c30\" class=\"h-global-transition-all h-heading style-590 style-local-70-c30 position-relative h-element\">\n                            <!---->\n                            <div class=\"h-heading__outer style-590 style-local-70-c30\">\n                              <!---->\n                              <!---->\n                              <h5 class=\"\">digital<\/h5>\n                            <\/div>\n                          <\/div>\n                          <div data-colibri-id=\"70-c31\" class=\"h-text h-text-component style-591 style-local-70-c31 position-relative h-element\">\n                            <!---->\n                            <!---->\n                            <div class=\"\">\n                              <p>Mails and info@zahnaerztinnenbern.ch<\/p>\n                            <\/div>\n                          <\/div>\n                        <\/div>\n                      <\/div>\n                    <\/div>\n                  <\/div>\n                <\/div>\n              <\/div>\n            <\/div>\n          <\/div>\n        <\/div>\n      <\/div>\n    <\/div>\n  <\/div>\n<\/div>","protected":false},"excerpt":{"rendered":"<p>So finden Sie uns direkt hinter der Uni Bern VOM BAHNHOF ZU FUSS Fahren Sie mit dem Glaslift bei den Perronaufg\u00e4ngen (Untergeschoss Bahnhof ganz hinten) bis auf die grosse Schanze. Gehen Sie in Richtung Universit\u00e4t Hauptgeb\u00e4ude, neben dem Hauptgeb\u00e4ude vorbei. Unsere Praxis befindet sich im ersten Wohnhaus unmittelbar hinter dem Hauptgeb\u00e4ude im ersten Stock links. [&hellip;]<\/p>\n","protected":false},"author":1,"featured_media":0,"parent":0,"menu_order":0,"comment_status":"closed","ping_status":"closed","template":"page-templates\/full-width-page.php","meta":{"footnotes":""},"class_list":["post-70","page","type-page","status-publish","hentry"],"_links":{"self":[{"href":"https:\/\/www.zahnaerztinnenbern.ch\/index.php\/wp-json\/wp\/v2\/pages\/70","targetHints":{"allow":["GET"]}}],"collection":[{"href":"https:\/\/www.zahnaerztinnenbern.ch\/index.php\/wp-json\/wp\/v2\/pages"}],"about":[{"href":"https:\/\/www.zahnaerztinnenbern.ch\/index.php\/wp-json\/wp\/v2\/types\/page"}],"author":[{"embeddable":true,"href":"https:\/\/www.zahnaerztinnenbern.ch\/index.php\/wp-json\/wp\/v2\/users\/1"}],"replies":[{"embeddable":true,"href":"https:\/\/www.zahnaerztinnenbern.ch\/index.php\/wp-json\/wp\/v2\/comments?post=70"}],"version-history":[{"count":11,"href":"https:\/\/www.zahnaerztinnenbern.ch\/index.php\/wp-json\/wp\/v2\/pages\/70\/revisions"}],"predecessor-version":[{"id":692,"href":"https:\/\/www.zahnaerztinnenbern.ch\/index.php\/wp-json\/wp\/v2\/pages\/70\/revisions\/692"}],"wp:attachment":[{"href":"https:\/\/www.zahnaerztinnenbern.ch\/index.php\/wp-json\/wp\/v2\/media?parent=70"}],"curies":[{"name":"wp","href":"https:\/\/api.w.org\/{rel}","templated":true}]}}